{"id":92,"date":"2024-08-23T10:16:45","date_gmt":"2024-08-23T08:16:45","guid":{"rendered":"http:\/\/www.caeba.fr\/?page_id=92"},"modified":"2024-08-28T16:37:22","modified_gmt":"2024-08-28T14:37:22","slug":"qui-sommes-nous","status":"publish","type":"page","link":"https:\/\/www.caeba.fr\/index.php\/qui-sommes-nous\/","title":{"rendered":"Nos missions"},"content":{"rendered":"\t\t<div data-elementor-type=\"wp-page\" data-elementor-id=\"92\" class=\"elementor elementor-92\">\n\t\t\t\t\t\t<section class=\"elementor-section elementor-top-section elementor-element elementor-element-d934214 elementor-section-height-min-height elementor-section-boxed elementor-section-height-default elementor-section-items-middle\" data-id=\"d934214\" data-element_type=\"section\" data-e-type=\"section\" data-settings=\"{&quot;background_background&quot;:&quot;classic&quot;}\">\n\t\t\t\t\t\t\t<div class=\"elementor-background-overlay\"><\/div>\n\t\t\t\t\t\t\t<div class=\"elementor-container elementor-column-gap-default\">\n\t\t\t\t\t<div class=\"elementor-column elementor-col-100 elementor-top-column elementor-element elementor-element-aba9a1e\" data-id=\"aba9a1e\" data-element_type=\"column\" data-e-type=\"column\">\n\t\t\t<div class=\"elementor-widget-wrap elementor-element-populated\">\n\t\t\t\t\t\t<div class=\"elementor-element elementor-element-ca9d659 elementor-widget elementor-widget-heading\" data-id=\"ca9d659\" data-element_type=\"widget\" data-e-type=\"widget\" data-widget_type=\"heading.default\">\n\t\t\t\t<div class=\"elementor-widget-container\">\n\t\t\t\t\t<h1 class=\"elementor-heading-title elementor-size-default\">Nos Missions<\/h1>\t\t\t\t<\/div>\n\t\t\t\t<\/div>\n\t\t\t\t\t<\/div>\n\t\t<\/div>\n\t\t\t\t\t<\/div>\n\t\t<\/section>\n\t\t\t\t<section class=\"elementor-section elementor-top-section elementor-element elementor-element-19daf6b elementor-section-boxed elementor-section-height-default elementor-section-height-default\" data-id=\"19daf6b\" data-element_type=\"section\" data-e-type=\"section\" data-settings=\"{&quot;background_background&quot;:&quot;classic&quot;}\">\n\t\t\t\t\t\t<div class=\"elementor-container elementor-column-gap-default\">\n\t\t\t\t\t<div class=\"elementor-column elementor-col-100 elementor-top-column elementor-element elementor-element-73f0737\" data-id=\"73f0737\" data-element_type=\"column\" data-e-type=\"column\">\n\t\t\t<div class=\"elementor-widget-wrap elementor-element-populated\">\n\t\t\t\t\t\t<div class=\"elementor-element elementor-element-1ecdb1e elementor-widget-divider--view-line elementor-widget elementor-widget-divider\" data-id=\"1ecdb1e\" data-element_type=\"widget\" data-e-type=\"widget\" data-widget_type=\"divider.default\">\n\t\t\t\t<div class=\"elementor-widget-container\">\n\t\t\t\t\t\t\t<div class=\"elementor-divider\">\n\t\t\t<span class=\"elementor-divider-separator\">\n\t\t\t\t\t\t<\/span>\n\t\t<\/div>\n\t\t\t\t\t\t<\/div>\n\t\t\t\t<\/div>\n\t\t\t\t\t<\/div>\n\t\t<\/div>\n\t\t\t\t\t<\/div>\n\t\t<\/section>\n\t\t\t\t<section class=\"elementor-section elementor-top-section elementor-element elementor-element-a58875f elementor-section-full_width elementor-section-height-default elementor-section-height-default\" data-id=\"a58875f\" data-element_type=\"section\" data-e-type=\"section\" data-settings=\"{&quot;background_background&quot;:&quot;classic&quot;}\">\n\t\t\t\t\t\t<div class=\"elementor-container elementor-column-gap-extended\">\n\t\t\t\t\t<div class=\"elementor-column elementor-col-25 elementor-top-column elementor-element elementor-element-96afbe8\" data-id=\"96afbe8\" data-element_type=\"column\" data-e-type=\"column\">\n\t\t\t<div class=\"elementor-widget-wrap elementor-element-populated\">\n\t\t\t\t\t\t<div class=\"elementor-element elementor-element-68c8dca elementor-widget elementor-widget-image-box\" data-id=\"68c8dca\" data-element_type=\"widget\" data-e-type=\"widget\" data-widget_type=\"image-box.default\">\n\t\t\t\t<div class=\"elementor-widget-container\">\n\t\t\t\t\t<div class=\"elementor-image-box-wrapper\"><div class=\"elementor-image-box-content\"><h3 class=\"elementor-image-box-title\">Maitrise d'oeuvre, Ing\u00e9nierie et \u00c9conomie de la construction<\/h3><p class=\"elementor-image-box-description\"><br>Mission d'ing\u00e9nierie et de ma\u00eetrise d'oeuvre Tout corps d'\u00e9tat\n\n<br>\u00c9conomie de la construction \n\n<br>R\u00e9daction des dossiers de consultations, <br>Cahier des charges, sp\u00e9cifications, Assistance \u00e0 la passation des march\u00e9s\n<br>Direction des travaux\n<\/p><\/div><\/div>\t\t\t\t<\/div>\n\t\t\t\t<\/div>\n\t\t\t\t\t<\/div>\n\t\t<\/div>\n\t\t\t\t<div class=\"elementor-column elementor-col-25 elementor-top-column elementor-element elementor-element-2fbdde7\" data-id=\"2fbdde7\" data-element_type=\"column\" data-e-type=\"column\">\n\t\t\t<div class=\"elementor-widget-wrap elementor-element-populated\">\n\t\t\t\t\t\t<div class=\"elementor-element elementor-element-da6c1df elementor-widget elementor-widget-image-box\" data-id=\"da6c1df\" data-element_type=\"widget\" data-e-type=\"widget\" data-widget_type=\"image-box.default\">\n\t\t\t\t<div class=\"elementor-widget-container\">\n\t\t\t\t\t<div class=\"elementor-image-box-wrapper\"><div class=\"elementor-image-box-content\"><h3 class=\"elementor-image-box-title\">Missions d'assistance \u00e0 ma\u00eetrise d'ouvrage b\u00e2timents, conduite d'op\u00e9ration\u200b<\/h3><p class=\"elementor-image-box-description\"><br><br>Programmation, sp\u00e9cifications de besoins d\u00e9finition sc\u00e9narios et estimations.\n\n<br>Assistance \u00e0 la mise en exploitation, m\u00e9thodologie, contrats de maintenance\n\n<br>Economie de projet\n\n<\/p><\/div><\/div>\t\t\t\t<\/div>\n\t\t\t\t<\/div>\n\t\t\t\t\t<\/div>\n\t\t<\/div>\n\t\t\t\t<div class=\"elementor-column elementor-col-25 elementor-top-column elementor-element elementor-element-0a1c590\" data-id=\"0a1c590\" data-element_type=\"column\" data-e-type=\"column\">\n\t\t\t<div class=\"elementor-widget-wrap elementor-element-populated\">\n\t\t\t\t\t\t<div class=\"elementor-element elementor-element-761ca3d elementor-widget elementor-widget-image-box\" data-id=\"761ca3d\" data-element_type=\"widget\" data-e-type=\"widget\" data-widget_type=\"image-box.default\">\n\t\t\t\t<div class=\"elementor-widget-container\">\n\t\t\t\t\t<div class=\"elementor-image-box-wrapper\"><div class=\"elementor-image-box-content\"><h3 class=\"elementor-image-box-title\">Ordonnancement Pilotage et Coordination<\/h3><p class=\"elementor-image-box-description\"><br><br><br>M\u00e9thodologie et pilotage et coordination d'une op\u00e9ration.\nAssistance au suivi de projet <\/p><\/div><\/div>\t\t\t\t<\/div>\n\t\t\t\t<\/div>\n\t\t\t\t\t<\/div>\n\t\t<\/div>\n\t\t\t\t<div class=\"elementor-column elementor-col-25 elementor-top-column elementor-element elementor-element-2af170d\" data-id=\"2af170d\" data-element_type=\"column\" data-e-type=\"column\">\n\t\t\t<div class=\"elementor-widget-wrap elementor-element-populated\">\n\t\t\t\t\t\t<div class=\"elementor-element elementor-element-3570f28 elementor-widget elementor-widget-image-box\" data-id=\"3570f28\" data-element_type=\"widget\" data-e-type=\"widget\" data-widget_type=\"image-box.default\">\n\t\t\t\t<div class=\"elementor-widget-container\">\n\t\t\t\t\t<div class=\"elementor-image-box-wrapper\"><div class=\"elementor-image-box-content\"><h3 class=\"elementor-image-box-title\">Expertise<\/h3><p class=\"elementor-image-box-description\"><br><br><br>Expertise, conseil technique\n<br>C-02.01 INGENIERIE - MAITRISE D'OEUVRE\n<br>C-03.01 STRUCTURES\n<br>C-06.01 COUVERTURE - \u00c9TANCHEITE \n<\/p><\/div><\/div>\t\t\t\t<\/div>\n\t\t\t\t<\/div>\n\t\t\t\t\t<\/div>\n\t\t<\/div>\n\t\t\t\t\t<\/div>\n\t\t<\/section>\n\t\t\t\t<section class=\"elementor-section elementor-top-section elementor-element elementor-element-3230438 elementor-section-boxed elementor-section-height-default elementor-section-height-default\" data-id=\"3230438\" data-element_type=\"section\" data-e-type=\"section\" data-settings=\"{&quot;background_background&quot;:&quot;classic&quot;}\">\n\t\t\t\t\t\t<div class=\"elementor-container elementor-column-gap-default\">\n\t\t\t\t\t<div class=\"elementor-column elementor-col-100 elementor-top-column elementor-element elementor-element-2f1ab75\" data-id=\"2f1ab75\" data-element_type=\"column\" data-e-type=\"column\">\n\t\t\t<div class=\"elementor-widget-wrap elementor-element-populated\">\n\t\t\t\t\t\t<div class=\"elementor-element elementor-element-58153a1 elementor-widget-divider--view-line elementor-widget elementor-widget-divider\" data-id=\"58153a1\" data-element_type=\"widget\" data-e-type=\"widget\" data-widget_type=\"divider.default\">\n\t\t\t\t<div class=\"elementor-widget-container\">\n\t\t\t\t\t\t\t<div class=\"elementor-divider\">\n\t\t\t<span class=\"elementor-divider-separator\">\n\t\t\t\t\t\t<\/span>\n\t\t<\/div>\n\t\t\t\t\t\t<\/div>\n\t\t\t\t<\/div>\n\t\t\t\t\t<\/div>\n\t\t<\/div>\n\t\t\t\t\t<\/div>\n\t\t<\/section>\n\t\t\t\t<section class=\"elementor-section elementor-top-section elementor-element elementor-element-61fce77 elementor-section-boxed elementor-section-height-default elementor-section-height-default\" data-id=\"61fce77\" data-element_type=\"section\" data-e-type=\"section\" data-settings=\"{&quot;background_background&quot;:&quot;classic&quot;}\">\n\t\t\t\t\t\t<div class=\"elementor-container elementor-column-gap-default\">\n\t\t\t\t\t<div class=\"elementor-column elementor-col-20 elementor-top-column elementor-element elementor-element-a61eb46\" data-id=\"a61eb46\" data-element_type=\"column\" data-e-type=\"column\">\n\t\t\t<div class=\"elementor-widget-wrap elementor-element-populated\">\n\t\t\t\t\t\t<div class=\"elementor-element elementor-element-3b45b7e elementor-widget elementor-widget-image\" data-id=\"3b45b7e\" data-element_type=\"widget\" data-e-type=\"widget\" data-widget_type=\"image.default\">\n\t\t\t\t<div class=\"elementor-widget-container\">\n\t\t\t\t\t\t\t\t\t\t\t\t\t\t\t<img decoding=\"async\" width=\"300\" height=\"150\" src=\"https:\/\/www.caeba.fr\/wp-content\/uploads\/2024\/08\/synchrotron-soleil-300x150.jpg\" class=\"attachment-medium size-medium wp-image-266\" alt=\"\" srcset=\"https:\/\/www.caeba.fr\/wp-content\/uploads\/2024\/08\/synchrotron-soleil-300x150.jpg 300w, https:\/\/www.caeba.fr\/wp-content\/uploads\/2024\/08\/synchrotron-soleil-1024x512.jpg 1024w, https:\/\/www.caeba.fr\/wp-content\/uploads\/2024\/08\/synchrotron-soleil-768x384.jpg 768w, https:\/\/www.caeba.fr\/wp-content\/uploads\/2024\/08\/synchrotron-soleil.jpg 1181w\" sizes=\"(max-width: 300px) 100vw, 300px\" \/>\t\t\t\t\t\t\t\t\t\t\t\t\t\t\t<\/div>\n\t\t\t\t<\/div>\n\t\t\t\t<div class=\"elementor-element elementor-element-320f5d6 elementor-widget elementor-widget-image\" data-id=\"320f5d6\" data-element_type=\"widget\" data-e-type=\"widget\" data-widget_type=\"image.default\">\n\t\t\t\t<div class=\"elementor-widget-container\">\n\t\t\t\t\t\t\t\t\t\t\t\t\t\t\t<img fetchpriority=\"high\" decoding=\"async\" width=\"300\" height=\"300\" src=\"https:\/\/www.caeba.fr\/wp-content\/uploads\/2024\/08\/logo-ATHIS-MONS-300x300.png\" class=\"attachment-medium size-medium wp-image-262\" alt=\"\" srcset=\"https:\/\/www.caeba.fr\/wp-content\/uploads\/2024\/08\/logo-ATHIS-MONS-300x300.png 300w, https:\/\/www.caeba.fr\/wp-content\/uploads\/2024\/08\/logo-ATHIS-MONS-150x150.png 150w, https:\/\/www.caeba.fr\/wp-content\/uploads\/2024\/08\/logo-ATHIS-MONS.png 462w\" sizes=\"(max-width: 300px) 100vw, 300px\" \/>\t\t\t\t\t\t\t\t\t\t\t\t\t\t\t<\/div>\n\t\t\t\t<\/div>\n\t\t\t\t\t<\/div>\n\t\t<\/div>\n\t\t\t\t<div class=\"elementor-column elementor-col-20 elementor-top-column elementor-element elementor-element-1d093a5\" data-id=\"1d093a5\" data-element_type=\"column\" data-e-type=\"column\">\n\t\t\t<div class=\"elementor-widget-wrap elementor-element-populated\">\n\t\t\t\t\t\t<div class=\"elementor-element elementor-element-aafa0d2 elementor-widget elementor-widget-image\" data-id=\"aafa0d2\" data-element_type=\"widget\" data-e-type=\"widget\" data-widget_type=\"image.default\">\n\t\t\t\t<div class=\"elementor-widget-container\">\n\t\t\t\t\t\t\t\t\t\t\t\t\t\t\t<img decoding=\"async\" width=\"300\" height=\"132\" src=\"https:\/\/www.caeba.fr\/wp-content\/uploads\/2024\/08\/SYAGE-300x132.png\" class=\"attachment-medium size-medium wp-image-265\" alt=\"\" srcset=\"https:\/\/www.caeba.fr\/wp-content\/uploads\/2024\/08\/SYAGE-300x132.png 300w, https:\/\/www.caeba.fr\/wp-content\/uploads\/2024\/08\/SYAGE.png 339w\" sizes=\"(max-width: 300px) 100vw, 300px\" \/>\t\t\t\t\t\t\t\t\t\t\t\t\t\t\t<\/div>\n\t\t\t\t<\/div>\n\t\t\t\t<div class=\"elementor-element elementor-element-3a6804b elementor-widget elementor-widget-image\" data-id=\"3a6804b\" data-element_type=\"widget\" data-e-type=\"widget\" data-widget_type=\"image.default\">\n\t\t\t\t<div class=\"elementor-widget-container\">\n\t\t\t\t\t\t\t\t\t\t\t\t\t\t\t<img loading=\"lazy\" decoding=\"async\" width=\"246\" height=\"300\" src=\"https:\/\/www.caeba.fr\/wp-content\/uploads\/2024\/08\/1200px-Logo_Montrouge.svg_-246x300.png\" class=\"attachment-medium size-medium wp-image-260\" alt=\"\" srcset=\"https:\/\/www.caeba.fr\/wp-content\/uploads\/2024\/08\/1200px-Logo_Montrouge.svg_-246x300.png 246w, https:\/\/www.caeba.fr\/wp-content\/uploads\/2024\/08\/1200px-Logo_Montrouge.svg_-838x1024.png 838w, https:\/\/www.caeba.fr\/wp-content\/uploads\/2024\/08\/1200px-Logo_Montrouge.svg_-768x938.png 768w, https:\/\/www.caeba.fr\/wp-content\/uploads\/2024\/08\/1200px-Logo_Montrouge.svg_.png 1200w\" sizes=\"(max-width: 246px) 100vw, 246px\" \/>\t\t\t\t\t\t\t\t\t\t\t\t\t\t\t<\/div>\n\t\t\t\t<\/div>\n\t\t\t\t\t<\/div>\n\t\t<\/div>\n\t\t\t\t<div class=\"elementor-column elementor-col-20 elementor-top-column elementor-element elementor-element-8922697\" data-id=\"8922697\" data-element_type=\"column\" data-e-type=\"column\">\n\t\t\t<div class=\"elementor-widget-wrap elementor-element-populated\">\n\t\t\t\t\t\t<div class=\"elementor-element elementor-element-c0b415a elementor-widget elementor-widget-image\" data-id=\"c0b415a\" data-element_type=\"widget\" data-e-type=\"widget\" data-widget_type=\"image.default\">\n\t\t\t\t<div class=\"elementor-widget-container\">\n\t\t\t\t\t\t\t\t\t\t\t\t\t\t\t<img loading=\"lazy\" decoding=\"async\" width=\"300\" height=\"264\" src=\"https:\/\/www.caeba.fr\/wp-content\/uploads\/2024\/08\/600px-Ville_de_Paris_logo_2019.svg_-300x264.png\" class=\"attachment-medium size-medium wp-image-259\" alt=\"\" srcset=\"https:\/\/www.caeba.fr\/wp-content\/uploads\/2024\/08\/600px-Ville_de_Paris_logo_2019.svg_-300x264.png 300w, https:\/\/www.caeba.fr\/wp-content\/uploads\/2024\/08\/600px-Ville_de_Paris_logo_2019.svg_.png 600w\" sizes=\"(max-width: 300px) 100vw, 300px\" \/>\t\t\t\t\t\t\t\t\t\t\t\t\t\t\t<\/div>\n\t\t\t\t<\/div>\n\t\t\t\t<div class=\"elementor-element elementor-element-41ec2bc elementor-widget elementor-widget-image\" data-id=\"41ec2bc\" data-element_type=\"widget\" data-e-type=\"widget\" data-widget_type=\"image.default\">\n\t\t\t\t<div class=\"elementor-widget-container\">\n\t\t\t\t\t\t\t\t\t\t\t\t\t\t\t<img loading=\"lazy\" decoding=\"async\" width=\"218\" height=\"300\" src=\"https:\/\/www.caeba.fr\/wp-content\/uploads\/2024\/08\/1200px-Logotype_de_Ecole_normale_superieure.svg_-218x300.png\" class=\"attachment-medium size-medium wp-image-274\" alt=\"\" srcset=\"https:\/\/www.caeba.fr\/wp-content\/uploads\/2024\/08\/1200px-Logotype_de_Ecole_normale_superieure.svg_-218x300.png 218w, https:\/\/www.caeba.fr\/wp-content\/uploads\/2024\/08\/1200px-Logotype_de_Ecole_normale_superieure.svg_-743x1024.png 743w, https:\/\/www.caeba.fr\/wp-content\/uploads\/2024\/08\/1200px-Logotype_de_Ecole_normale_superieure.svg_-768x1058.png 768w, https:\/\/www.caeba.fr\/wp-content\/uploads\/2024\/08\/1200px-Logotype_de_Ecole_normale_superieure.svg_-1115x1536.png 1115w, https:\/\/www.caeba.fr\/wp-content\/uploads\/2024\/08\/1200px-Logotype_de_Ecole_normale_superieure.svg_.png 1200w\" sizes=\"(max-width: 218px) 100vw, 218px\" \/>\t\t\t\t\t\t\t\t\t\t\t\t\t\t\t<\/div>\n\t\t\t\t<\/div>\n\t\t\t\t\t<\/div>\n\t\t<\/div>\n\t\t\t\t<div class=\"elementor-column elementor-col-20 elementor-top-column elementor-element elementor-element-a253264\" data-id=\"a253264\" data-element_type=\"column\" data-e-type=\"column\">\n\t\t\t<div class=\"elementor-widget-wrap elementor-element-populated\">\n\t\t\t\t\t\t<div class=\"elementor-element elementor-element-9f509fb elementor-widget elementor-widget-image\" data-id=\"9f509fb\" data-element_type=\"widget\" data-e-type=\"widget\" data-widget_type=\"image.default\">\n\t\t\t\t<div class=\"elementor-widget-container\">\n\t\t\t\t\t\t\t\t\t\t\t\t\t\t\t<img decoding=\"async\" src=\"https:\/\/www.caeba.fr\/wp-content\/uploads\/2024\/08\/CEA-logo.jpg\" title=\"CEA logo\" alt=\"CEA logo\" loading=\"lazy\" \/>\t\t\t\t\t\t\t\t\t\t\t\t\t\t\t<\/div>\n\t\t\t\t<\/div>\n\t\t\t\t<div class=\"elementor-element elementor-element-d5d862a elementor-widget elementor-widget-image\" data-id=\"d5d862a\" data-element_type=\"widget\" data-e-type=\"widget\" data-widget_type=\"image.default\">\n\t\t\t\t<div class=\"elementor-widget-container\">\n\t\t\t\t\t\t\t\t\t\t\t\t\t\t\t<img loading=\"lazy\" decoding=\"async\" width=\"279\" height=\"300\" src=\"https:\/\/www.caeba.fr\/wp-content\/uploads\/2024\/08\/upsud-279x300.png\" class=\"attachment-medium size-medium wp-image-276\" alt=\"\" srcset=\"https:\/\/www.caeba.fr\/wp-content\/uploads\/2024\/08\/upsud-279x300.png 279w, https:\/\/www.caeba.fr\/wp-content\/uploads\/2024\/08\/upsud-768x825.png 768w, https:\/\/www.caeba.fr\/wp-content\/uploads\/2024\/08\/upsud.png 911w\" sizes=\"(max-width: 279px) 100vw, 279px\" \/>\t\t\t\t\t\t\t\t\t\t\t\t\t\t\t<\/div>\n\t\t\t\t<\/div>\n\t\t\t\t\t<\/div>\n\t\t<\/div>\n\t\t\t\t<div class=\"elementor-column elementor-col-20 elementor-top-column elementor-element elementor-element-d0c7a26\" data-id=\"d0c7a26\" data-element_type=\"column\" data-e-type=\"column\">\n\t\t\t<div class=\"elementor-widget-wrap elementor-element-populated\">\n\t\t\t\t\t\t<div class=\"elementor-element elementor-element-e20943b elementor-widget elementor-widget-image\" data-id=\"e20943b\" data-element_type=\"widget\" data-e-type=\"widget\" data-widget_type=\"image.default\">\n\t\t\t\t<div class=\"elementor-widget-container\">\n\t\t\t\t\t\t\t\t\t\t\t\t\t\t\t<img loading=\"lazy\" decoding=\"async\" width=\"300\" height=\"85\" src=\"https:\/\/www.caeba.fr\/wp-content\/uploads\/2024\/08\/Logo-ipsen-Quad-300x85.jpg\" class=\"attachment-medium size-medium wp-image-263\" alt=\"\" srcset=\"https:\/\/www.caeba.fr\/wp-content\/uploads\/2024\/08\/Logo-ipsen-Quad-300x85.jpg 300w, https:\/\/www.caeba.fr\/wp-content\/uploads\/2024\/08\/Logo-ipsen-Quad-1024x289.jpg 1024w, https:\/\/www.caeba.fr\/wp-content\/uploads\/2024\/08\/Logo-ipsen-Quad-768x217.jpg 768w, https:\/\/www.caeba.fr\/wp-content\/uploads\/2024\/08\/Logo-ipsen-Quad.jpg 1499w\" sizes=\"(max-width: 300px) 100vw, 300px\" \/>\t\t\t\t\t\t\t\t\t\t\t\t\t\t\t<\/div>\n\t\t\t\t<\/div>\n\t\t\t\t<div class=\"elementor-element elementor-element-e389f8e elementor-widget elementor-widget-image\" data-id=\"e389f8e\" data-element_type=\"widget\" data-e-type=\"widget\" data-widget_type=\"image.default\">\n\t\t\t\t<div class=\"elementor-widget-container\">\n\t\t\t\t\t\t\t\t\t\t\t\t\t\t\t<img loading=\"lazy\" decoding=\"async\" width=\"300\" height=\"208\" src=\"https:\/\/www.caeba.fr\/wp-content\/uploads\/2024\/08\/1200px-Institut_de_radioprotection_et_de_surete_nucleaire_logo.svg_-300x208.png\" class=\"attachment-medium size-medium wp-image-277\" alt=\"\" srcset=\"https:\/\/www.caeba.fr\/wp-content\/uploads\/2024\/08\/1200px-Institut_de_radioprotection_et_de_surete_nucleaire_logo.svg_-300x208.png 300w, https:\/\/www.caeba.fr\/wp-content\/uploads\/2024\/08\/1200px-Institut_de_radioprotection_et_de_surete_nucleaire_logo.svg_-1024x711.png 1024w, https:\/\/www.caeba.fr\/wp-content\/uploads\/2024\/08\/1200px-Institut_de_radioprotection_et_de_surete_nucleaire_logo.svg_-768x533.png 768w, https:\/\/www.caeba.fr\/wp-content\/uploads\/2024\/08\/1200px-Institut_de_radioprotection_et_de_surete_nucleaire_logo.svg_.png 1200w\" sizes=\"(max-width: 300px) 100vw, 300px\" \/>\t\t\t\t\t\t\t\t\t\t\t\t\t\t\t<\/div>\n\t\t\t\t<\/div>\n\t\t\t\t<div class=\"elementor-element elementor-element-fadca2c elementor-widget elementor-widget-image\" data-id=\"fadca2c\" data-element_type=\"widget\" data-e-type=\"widget\" data-widget_type=\"image.default\">\n\t\t\t\t<div class=\"elementor-widget-container\">\n\t\t\t\t\t\t\t\t\t\t\t\t\t\t\t<img loading=\"lazy\" decoding=\"async\" width=\"180\" height=\"49\" src=\"https:\/\/www.caeba.fr\/wp-content\/uploads\/2024\/08\/logo-semmaris-1.png\" class=\"attachment-medium size-medium wp-image-284\" alt=\"\" \/>\t\t\t\t\t\t\t\t\t\t\t\t\t\t\t<\/div>\n\t\t\t\t<\/div>\n\t\t\t\t\t<\/div>\n\t\t<\/div>\n\t\t\t\t\t<\/div>\n\t\t<\/section>\n\t\t\t\t<\/div>\n\t\t","protected":false},"excerpt":{"rendered":"<p>Nos Missions Maitrise d&rsquo;oeuvre, Ing\u00e9nierie et \u00c9conomie de la construction Mission d&rsquo;ing\u00e9nierie et de ma\u00eetrise d&rsquo;oeuvre Tout corps d&rsquo;\u00e9tat \u00c9conomie de la construction R\u00e9daction des dossiers de consultations, Cahier des charges, sp\u00e9cifications, Assistance \u00e0 la passation des march\u00e9s Direction des travaux Missions d&rsquo;assistance \u00e0 ma\u00eetrise d&rsquo;ouvrage b\u00e2timents, conduite d&rsquo;op\u00e9ration\u200b Programmation, sp\u00e9cifications de besoins d\u00e9finition sc\u00e9narios [&hellip;]<\/p>\n","protected":false},"author":1,"featured_media":95,"parent":0,"menu_order":0,"comment_status":"closed","ping_status":"closed","template":"","meta":{"footnotes":""},"class_list":["post-92","page","type-page","status-publish","has-post-thumbnail","hentry"],"_links":{"self":[{"href":"https:\/\/www.caeba.fr\/index.php\/wp-json\/wp\/v2\/pages\/92","targetHints":{"allow":["GET"]}}],"collection":[{"href":"https:\/\/www.caeba.fr\/index.php\/wp-json\/wp\/v2\/pages"}],"about":[{"href":"https:\/\/www.caeba.fr\/index.php\/wp-json\/wp\/v2\/types\/page"}],"author":[{"embeddable":true,"href":"https:\/\/www.caeba.fr\/index.php\/wp-json\/wp\/v2\/users\/1"}],"replies":[{"embeddable":true,"href":"https:\/\/www.caeba.fr\/index.php\/wp-json\/wp\/v2\/comments?post=92"}],"version-history":[{"count":40,"href":"https:\/\/www.caeba.fr\/index.php\/wp-json\/wp\/v2\/pages\/92\/revisions"}],"predecessor-version":[{"id":287,"href":"https:\/\/www.caeba.fr\/index.php\/wp-json\/wp\/v2\/pages\/92\/revisions\/287"}],"wp:featuredmedia":[{"embeddable":true,"href":"https:\/\/www.caeba.fr\/index.php\/wp-json\/wp\/v2\/media\/95"}],"wp:attachment":[{"href":"https:\/\/www.caeba.fr\/index.php\/wp-json\/wp\/v2\/media?parent=92"}],"curies":[{"name":"wp","href":"https:\/\/api.w.org\/{rel}","templated":true}]}}