{"id":7,"date":"2021-10-07T17:12:41","date_gmt":"2021-10-07T15:12:41","guid":{"rendered":"http:\/\/www.caeba.fr\/?page_id=7"},"modified":"2025-08-18T16:25:39","modified_gmt":"2025-08-18T14:25:39","slug":"a-propos-de","status":"publish","type":"page","link":"https:\/\/www.caeba.fr\/","title":{"rendered":"Caeba"},"content":{"rendered":"\t\t<div data-elementor-type=\"wp-page\" data-elementor-id=\"7\" class=\"elementor elementor-7\">\n\t\t\t\t\t\t<section class=\"elementor-section elementor-top-section elementor-element elementor-element-455d190 elementor-section-height-min-height elementor-section-boxed elementor-section-height-default elementor-section-items-middle\" data-id=\"455d190\" data-element_type=\"section\" data-settings=\"{&quot;background_background&quot;:&quot;slideshow&quot;,&quot;background_slideshow_gallery&quot;:[{&quot;id&quot;:176,&quot;url&quot;:&quot;http:\\\/\\\/www.caeba.fr\\\/wp-content\\\/uploads\\\/2024\\\/08\\\/NANOSCOPIUM.jpg&quot;},{&quot;id&quot;:177,&quot;url&quot;:&quot;http:\\\/\\\/www.caeba.fr\\\/wp-content\\\/uploads\\\/2024\\\/08\\\/IMG_20240221_113519-scaled.jpg&quot;},{&quot;id&quot;:182,&quot;url&quot;:&quot;http:\\\/\\\/www.caeba.fr\\\/wp-content\\\/uploads\\\/2024\\\/08\\\/IMG_20230918_092602-scaled.jpg&quot;},{&quot;id&quot;:183,&quot;url&quot;:&quot;http:\\\/\\\/www.caeba.fr\\\/wp-content\\\/uploads\\\/2024\\\/08\\\/image-laboratoire-ipanema.png&quot;},{&quot;id&quot;:184,&quot;url&quot;:&quot;http:\\\/\\\/www.caeba.fr\\\/wp-content\\\/uploads\\\/2024\\\/08\\\/IMG_20220209_163422-scaled.jpg&quot;},{&quot;id&quot;:185,&quot;url&quot;:&quot;http:\\\/\\\/www.caeba.fr\\\/wp-content\\\/uploads\\\/2024\\\/08\\\/SOLEIL-T7.png&quot;}],&quot;background_slideshow_slide_transition&quot;:&quot;slide_right&quot;,&quot;background_slideshow_ken_burns&quot;:&quot;yes&quot;,&quot;background_slideshow_loop&quot;:&quot;yes&quot;,&quot;background_slideshow_slide_duration&quot;:5000,&quot;background_slideshow_transition_duration&quot;:500,&quot;background_slideshow_ken_burns_zoom_direction&quot;:&quot;in&quot;}\">\n\t\t\t\t\t\t\t<div class=\"elementor-background-overlay\"><\/div>\n\t\t\t\t\t\t\t<div class=\"elementor-container elementor-column-gap-default\">\n\t\t\t\t\t<div class=\"elementor-column elementor-col-100 elementor-top-column elementor-element elementor-element-c33f8b8\" data-id=\"c33f8b8\" data-element_type=\"column\">\n\t\t\t<div class=\"elementor-widget-wrap elementor-element-populated\">\n\t\t\t\t\t\t<div class=\"elementor-element elementor-element-b76ae73 elementor-widget__width-initial elementor-widget elementor-widget-text-editor\" data-id=\"b76ae73\" data-element_type=\"widget\" data-widget_type=\"text-editor.default\">\n\t\t\t\t<div class=\"elementor-widget-container\">\n\t\t\t\t\t\t\t\t\t<h1><span style=\"color: #ffffff;\"><strong>Conseil, Assistance et Ing\u00e9nierie du B\u00e2timent<\/strong><\/span><\/h1>\t\t\t\t\t\t\t\t<\/div>\n\t\t\t\t<\/div>\n\t\t\t\t<div class=\"elementor-element elementor-element-1c5cf5c elementor-widget elementor-widget-text-editor\" data-id=\"1c5cf5c\" data-element_type=\"widget\" data-widget_type=\"text-editor.default\">\n\t\t\t\t<div class=\"elementor-widget-container\">\n\t\t\t\t\t\t\t\t\t<h2 style=\"text-align: left;\"><span style=\"color: #ffffff;\">CAEBA est un bureau d\u2019\u00e9tude technique construction sp\u00e9cialis\u00e9 dans les b\u00e2timents industriels, laboratoires et tertiaires.<\/span><\/h2>\n<h2><span style=\"color: #ffffff;\">Nous vous accompagnons en expertise, en assistance \u00e0 maitrise d\u2019ouvrage ou en maitrise d\u2019\u0153uvre sur des missions tous corps d\u2019\u00e9tat pour tout type de projet b\u00e2timent.<\/span> <\/h2>\t\t\t\t\t\t\t\t<\/div>\n\t\t\t\t<\/div>\n\t\t\t\t\t<\/div>\n\t\t<\/div>\n\t\t\t\t\t<\/div>\n\t\t<\/section>\n\t\t\t\t<section class=\"elementor-section elementor-top-section elementor-element elementor-element-1db8f08 elementor-section-boxed elementor-section-height-default elementor-section-height-default\" data-id=\"1db8f08\" data-element_type=\"section\">\n\t\t\t\t\t\t<div class=\"elementor-container elementor-column-gap-default\">\n\t\t\t\t\t<div class=\"elementor-column elementor-col-100 elementor-top-column elementor-element elementor-element-fe3bd20\" data-id=\"fe3bd20\" data-element_type=\"column\">\n\t\t\t<div class=\"elementor-widget-wrap elementor-element-populated\">\n\t\t\t\t\t\t<div class=\"elementor-element elementor-element-ede0d05 elementor-widget-divider--view-line elementor-widget elementor-widget-divider\" data-id=\"ede0d05\" data-element_type=\"widget\" data-widget_type=\"divider.default\">\n\t\t\t\t<div class=\"elementor-widget-container\">\n\t\t\t\t\t\t\t<div class=\"elementor-divider\">\n\t\t\t<span class=\"elementor-divider-separator\">\n\t\t\t\t\t\t<\/span>\n\t\t<\/div>\n\t\t\t\t\t\t<\/div>\n\t\t\t\t<\/div>\n\t\t\t\t\t<\/div>\n\t\t<\/div>\n\t\t\t\t\t<\/div>\n\t\t<\/section>\n\t\t\t\t<section class=\"elementor-section elementor-top-section elementor-element elementor-element-8117ea8 elementor-section-boxed elementor-section-height-default elementor-section-height-default\" data-id=\"8117ea8\" data-element_type=\"section\">\n\t\t\t\t\t\t<div class=\"elementor-container elementor-column-gap-extended\">\n\t\t\t\t\t<div class=\"elementor-column elementor-col-20 elementor-top-column elementor-element elementor-element-30df931\" data-id=\"30df931\" data-element_type=\"column\">\n\t\t\t<div class=\"elementor-widget-wrap elementor-element-populated\">\n\t\t\t\t\t\t<div class=\"elementor-element elementor-element-666ef97 elementor-widget elementor-widget-image\" data-id=\"666ef97\" data-element_type=\"widget\" data-widget_type=\"image.default\">\n\t\t\t\t<div class=\"elementor-widget-container\">\n\t\t\t\t\t\t\t\t\t\t\t\t\t\t\t<img fetchpriority=\"high\" decoding=\"async\" width=\"512\" height=\"512\" src=\"https:\/\/www.caeba.fr\/wp-content\/uploads\/2024\/08\/004-engineer.png\" class=\"attachment-full size-full wp-image-190\" alt=\"\" srcset=\"https:\/\/www.caeba.fr\/wp-content\/uploads\/2024\/08\/004-engineer.png 512w, https:\/\/www.caeba.fr\/wp-content\/uploads\/2024\/08\/004-engineer-300x300.png 300w, https:\/\/www.caeba.fr\/wp-content\/uploads\/2024\/08\/004-engineer-150x150.png 150w\" sizes=\"(max-width: 512px) 100vw, 512px\" \/>\t\t\t\t\t\t\t\t\t\t\t\t\t\t\t<\/div>\n\t\t\t\t<\/div>\n\t\t\t\t<div class=\"elementor-element elementor-element-dba82c2 elementor-widget elementor-widget-text-editor\" data-id=\"dba82c2\" data-element_type=\"widget\" data-widget_type=\"text-editor.default\">\n\t\t\t\t<div class=\"elementor-widget-container\">\n\t\t\t\t\t\t\t\t\t<h4 style=\"text-align: center;\"><span style=\"text-decoration: underline;\"><strong><span style=\"color: #333333; text-decoration: underline;\">Maitrise d&rsquo;Oeuvre<\/span><\/strong><\/span><\/h4>\t\t\t\t\t\t\t\t<\/div>\n\t\t\t\t<\/div>\n\t\t\t\t\t<\/div>\n\t\t<\/div>\n\t\t\t\t<div class=\"elementor-column elementor-col-20 elementor-top-column elementor-element elementor-element-3c0369f\" data-id=\"3c0369f\" data-element_type=\"column\">\n\t\t\t<div class=\"elementor-widget-wrap elementor-element-populated\">\n\t\t\t\t\t\t<div class=\"elementor-element elementor-element-7b970ff elementor-widget elementor-widget-image\" data-id=\"7b970ff\" data-element_type=\"widget\" data-widget_type=\"image.default\">\n\t\t\t\t<div class=\"elementor-widget-container\">\n\t\t\t\t\t\t\t\t\t\t\t\t\t\t\t<img decoding=\"async\" width=\"512\" height=\"512\" src=\"https:\/\/www.caeba.fr\/wp-content\/uploads\/2024\/08\/006-blueprint.png\" class=\"attachment-full size-full wp-image-194\" alt=\"\" srcset=\"https:\/\/www.caeba.fr\/wp-content\/uploads\/2024\/08\/006-blueprint.png 512w, https:\/\/www.caeba.fr\/wp-content\/uploads\/2024\/08\/006-blueprint-300x300.png 300w, https:\/\/www.caeba.fr\/wp-content\/uploads\/2024\/08\/006-blueprint-150x150.png 150w\" sizes=\"(max-width: 512px) 100vw, 512px\" \/>\t\t\t\t\t\t\t\t\t\t\t\t\t\t\t<\/div>\n\t\t\t\t<\/div>\n\t\t\t\t<div class=\"elementor-element elementor-element-2ccf6b9 elementor-widget elementor-widget-text-editor\" data-id=\"2ccf6b9\" data-element_type=\"widget\" data-widget_type=\"text-editor.default\">\n\t\t\t\t<div class=\"elementor-widget-container\">\n\t\t\t\t\t\t\t\t\t<h4 style=\"text-align: center;\"><span style=\"text-decoration: underline;\"><strong>Assistance \u00e0 Maitrise d&rsquo;ouvrage<\/strong><\/span><\/h4>\t\t\t\t\t\t\t\t<\/div>\n\t\t\t\t<\/div>\n\t\t\t\t\t<\/div>\n\t\t<\/div>\n\t\t\t\t<div class=\"elementor-column elementor-col-20 elementor-top-column elementor-element elementor-element-0219224\" data-id=\"0219224\" data-element_type=\"column\">\n\t\t\t<div class=\"elementor-widget-wrap elementor-element-populated\">\n\t\t\t\t\t\t<div class=\"elementor-element elementor-element-8a03473 elementor-widget elementor-widget-image\" data-id=\"8a03473\" data-element_type=\"widget\" data-widget_type=\"image.default\">\n\t\t\t\t<div class=\"elementor-widget-container\">\n\t\t\t\t\t\t\t\t\t\t\t\t\t\t\t<img decoding=\"async\" width=\"512\" height=\"512\" src=\"https:\/\/www.caeba.fr\/wp-content\/uploads\/2024\/08\/031-engineer.png\" class=\"attachment-full size-full wp-image-196\" alt=\"\" srcset=\"https:\/\/www.caeba.fr\/wp-content\/uploads\/2024\/08\/031-engineer.png 512w, https:\/\/www.caeba.fr\/wp-content\/uploads\/2024\/08\/031-engineer-300x300.png 300w, https:\/\/www.caeba.fr\/wp-content\/uploads\/2024\/08\/031-engineer-150x150.png 150w\" sizes=\"(max-width: 512px) 100vw, 512px\" \/>\t\t\t\t\t\t\t\t\t\t\t\t\t\t\t<\/div>\n\t\t\t\t<\/div>\n\t\t\t\t<div class=\"elementor-element elementor-element-a16a09b elementor-widget elementor-widget-text-editor\" data-id=\"a16a09b\" data-element_type=\"widget\" data-widget_type=\"text-editor.default\">\n\t\t\t\t<div class=\"elementor-widget-container\">\n\t\t\t\t\t\t\t\t\t<h4 style=\"text-align: center;\"><span style=\"text-decoration: underline;\"><strong>Expertise<\/strong><\/span><\/h4>\t\t\t\t\t\t\t\t<\/div>\n\t\t\t\t<\/div>\n\t\t\t\t\t<\/div>\n\t\t<\/div>\n\t\t\t\t<div class=\"elementor-column elementor-col-20 elementor-top-column elementor-element elementor-element-564b5fe\" data-id=\"564b5fe\" data-element_type=\"column\">\n\t\t\t<div class=\"elementor-widget-wrap elementor-element-populated\">\n\t\t\t\t\t\t<div class=\"elementor-element elementor-element-06b446a elementor-widget elementor-widget-image\" data-id=\"06b446a\" data-element_type=\"widget\" data-widget_type=\"image.default\">\n\t\t\t\t<div class=\"elementor-widget-container\">\n\t\t\t\t\t\t\t\t\t\t\t\t\t\t\t<img loading=\"lazy\" decoding=\"async\" width=\"512\" height=\"512\" src=\"https:\/\/www.caeba.fr\/wp-content\/uploads\/2024\/08\/027-team.png\" class=\"attachment-full size-full wp-image-197\" alt=\"\" srcset=\"https:\/\/www.caeba.fr\/wp-content\/uploads\/2024\/08\/027-team.png 512w, https:\/\/www.caeba.fr\/wp-content\/uploads\/2024\/08\/027-team-300x300.png 300w, https:\/\/www.caeba.fr\/wp-content\/uploads\/2024\/08\/027-team-150x150.png 150w\" sizes=\"(max-width: 512px) 100vw, 512px\" \/>\t\t\t\t\t\t\t\t\t\t\t\t\t\t\t<\/div>\n\t\t\t\t<\/div>\n\t\t\t\t<div class=\"elementor-element elementor-element-c260579 elementor-widget elementor-widget-text-editor\" data-id=\"c260579\" data-element_type=\"widget\" data-widget_type=\"text-editor.default\">\n\t\t\t\t<div class=\"elementor-widget-container\">\n\t\t\t\t\t\t\t\t\t<h4 style=\"text-align: center;\"><span style=\"text-decoration: underline;\"><strong>Ordonnancement, Pilotage et Coordination<\/strong><\/span><\/h4>\t\t\t\t\t\t\t\t<\/div>\n\t\t\t\t<\/div>\n\t\t\t\t\t<\/div>\n\t\t<\/div>\n\t\t\t\t<div class=\"elementor-column elementor-col-20 elementor-top-column elementor-element elementor-element-7c10d84\" data-id=\"7c10d84\" data-element_type=\"column\">\n\t\t\t<div class=\"elementor-widget-wrap elementor-element-populated\">\n\t\t\t\t\t\t<div class=\"elementor-element elementor-element-00ce732 elementor-widget elementor-widget-image\" data-id=\"00ce732\" data-element_type=\"widget\" data-widget_type=\"image.default\">\n\t\t\t\t<div class=\"elementor-widget-container\">\n\t\t\t\t\t\t\t\t\t\t\t\t\t\t\t<img loading=\"lazy\" decoding=\"async\" width=\"512\" height=\"512\" src=\"https:\/\/www.caeba.fr\/wp-content\/uploads\/2024\/08\/010-calculator.png\" class=\"attachment-full size-full wp-image-195\" alt=\"\" srcset=\"https:\/\/www.caeba.fr\/wp-content\/uploads\/2024\/08\/010-calculator.png 512w, https:\/\/www.caeba.fr\/wp-content\/uploads\/2024\/08\/010-calculator-300x300.png 300w, https:\/\/www.caeba.fr\/wp-content\/uploads\/2024\/08\/010-calculator-150x150.png 150w\" sizes=\"(max-width: 512px) 100vw, 512px\" \/>\t\t\t\t\t\t\t\t\t\t\t\t\t\t\t<\/div>\n\t\t\t\t<\/div>\n\t\t\t\t<div class=\"elementor-element elementor-element-d8074b4 elementor-widget elementor-widget-text-editor\" data-id=\"d8074b4\" data-element_type=\"widget\" data-widget_type=\"text-editor.default\">\n\t\t\t\t<div class=\"elementor-widget-container\">\n\t\t\t\t\t\t\t\t\t<h4><span style=\"text-decoration: underline;\"><strong>Economie de la construction<\/strong><\/span><\/h4>\t\t\t\t\t\t\t\t<\/div>\n\t\t\t\t<\/div>\n\t\t\t\t\t<\/div>\n\t\t<\/div>\n\t\t\t\t\t<\/div>\n\t\t<\/section>\n\t\t\t\t<section class=\"elementor-section elementor-top-section elementor-element elementor-element-49a1fce elementor-section-boxed elementor-section-height-default elementor-section-height-default\" data-id=\"49a1fce\" data-element_type=\"section\">\n\t\t\t\t\t\t<div class=\"elementor-container elementor-column-gap-default\">\n\t\t\t\t\t<div class=\"elementor-column elementor-col-100 elementor-top-column elementor-element elementor-element-e8ba657\" data-id=\"e8ba657\" data-element_type=\"column\">\n\t\t\t<div class=\"elementor-widget-wrap elementor-element-populated\">\n\t\t\t\t\t\t<div class=\"elementor-element elementor-element-8ada436 elementor-widget-divider--view-line elementor-widget elementor-widget-divider\" data-id=\"8ada436\" data-element_type=\"widget\" data-widget_type=\"divider.default\">\n\t\t\t\t<div class=\"elementor-widget-container\">\n\t\t\t\t\t\t\t<div class=\"elementor-divider\">\n\t\t\t<span class=\"elementor-divider-separator\">\n\t\t\t\t\t\t<\/span>\n\t\t<\/div>\n\t\t\t\t\t\t<\/div>\n\t\t\t\t<\/div>\n\t\t\t\t\t<\/div>\n\t\t<\/div>\n\t\t\t\t\t<\/div>\n\t\t<\/section>\n\t\t\t\t<section class=\"elementor-section elementor-top-section elementor-element elementor-element-b1d2cd4 elementor-section-boxed elementor-section-height-default elementor-section-height-default\" data-id=\"b1d2cd4\" data-element_type=\"section\">\n\t\t\t\t\t\t<div class=\"elementor-container elementor-column-gap-default\">\n\t\t\t\t\t<div class=\"elementor-column elementor-col-33 elementor-top-column elementor-element elementor-element-959147a\" data-id=\"959147a\" data-element_type=\"column\">\n\t\t\t<div class=\"elementor-widget-wrap elementor-element-populated\">\n\t\t\t\t\t\t<div class=\"elementor-element elementor-element-b91f04a elementor-widget__width-initial elementor-widget elementor-widget-image\" data-id=\"b91f04a\" data-element_type=\"widget\" data-widget_type=\"image.default\">\n\t\t\t\t<div class=\"elementor-widget-container\">\n\t\t\t\t\t\t\t\t\t\t\t\t\t\t\t<img loading=\"lazy\" decoding=\"async\" width=\"300\" height=\"208\" src=\"https:\/\/www.caeba.fr\/wp-content\/uploads\/2024\/08\/Quaification-OPQIBI-300x208.png\" class=\"attachment-medium size-medium wp-image-219\" alt=\"\" srcset=\"https:\/\/www.caeba.fr\/wp-content\/uploads\/2024\/08\/Quaification-OPQIBI-300x208.png 300w, https:\/\/www.caeba.fr\/wp-content\/uploads\/2024\/08\/Quaification-OPQIBI-1024x711.png 1024w, https:\/\/www.caeba.fr\/wp-content\/uploads\/2024\/08\/Quaification-OPQIBI-768x533.png 768w, https:\/\/www.caeba.fr\/wp-content\/uploads\/2024\/08\/Quaification-OPQIBI.png 1200w\" sizes=\"(max-width: 300px) 100vw, 300px\" \/>\t\t\t\t\t\t\t\t\t\t\t\t\t\t\t<\/div>\n\t\t\t\t<\/div>\n\t\t\t\t\t<\/div>\n\t\t<\/div>\n\t\t\t\t<div class=\"elementor-column elementor-col-66 elementor-top-column elementor-element elementor-element-806eec6\" data-id=\"806eec6\" data-element_type=\"column\">\n\t\t\t<div class=\"elementor-widget-wrap elementor-element-populated\">\n\t\t\t\t\t\t<div class=\"elementor-element elementor-element-d1e0210 elementor-widget elementor-widget-text-editor\" data-id=\"d1e0210\" data-element_type=\"widget\" data-widget_type=\"text-editor.default\">\n\t\t\t\t<div class=\"elementor-widget-container\">\n\t\t\t\t\t\t\t\t\t<h4><strong>0103<\/strong>\u00a0&#8211; <a href=\"https:\/\/www.opqibi.com\/nomenclature-fiche\/0103\">Assistance Maitrise d&rsquo;Ouvrage en Technique<\/a><\/h4>\t\t\t\t\t\t\t\t<\/div>\n\t\t\t\t<\/div>\n\t\t\t\t<div class=\"elementor-element elementor-element-5e4f666 elementor-widget elementor-widget-text-editor\" data-id=\"5e4f666\" data-element_type=\"widget\" data-widget_type=\"text-editor.default\">\n\t\t\t\t<div class=\"elementor-widget-container\">\n\t\t\t\t\t\t\t\t\t<h4><strong>0201<\/strong> &#8211; <a href=\"https:\/\/www.opqibi.com\/nomenclature-fiche\/0201\">Programmation g\u00e9n\u00e9rale<\/a><\/h4>\t\t\t\t\t\t\t\t<\/div>\n\t\t\t\t<\/div>\n\t\t\t\t<div class=\"elementor-element elementor-element-eecba88 elementor-widget elementor-widget-text-editor\" data-id=\"eecba88\" data-element_type=\"widget\" data-widget_type=\"text-editor.default\">\n\t\t\t\t<div class=\"elementor-widget-container\">\n\t\t\t\t\t\t\t\t\t<h4><strong>2202<\/strong> &#8211; <a href=\"https:\/\/www.opqibi.com\/nomenclature-fiche\/2202\">Ma\u00eetrise des co\u00fbts en phase de conception et de r\u00e9alisation<\/a><\/h4>\t\t\t\t\t\t\t\t<\/div>\n\t\t\t\t<\/div>\n\t\t\t\t\t<\/div>\n\t\t<\/div>\n\t\t\t\t\t<\/div>\n\t\t<\/section>\n\t\t\t\t<section class=\"elementor-section elementor-top-section elementor-element elementor-element-0f4816d elementor-section-boxed elementor-section-height-default elementor-section-height-default\" data-id=\"0f4816d\" data-element_type=\"section\">\n\t\t\t\t\t\t<div class=\"elementor-container elementor-column-gap-default\">\n\t\t\t\t\t<div class=\"elementor-column elementor-col-100 elementor-top-column elementor-element elementor-element-a21dcbf\" data-id=\"a21dcbf\" data-element_type=\"column\">\n\t\t\t<div class=\"elementor-widget-wrap elementor-element-populated\">\n\t\t\t\t\t\t<div class=\"elementor-element elementor-element-cf62519 elementor-widget elementor-widget-text-editor\" data-id=\"cf62519\" data-element_type=\"widget\" data-widget_type=\"text-editor.default\">\n\t\t\t\t<div class=\"elementor-widget-container\">\n\t\t\t\t\t\t\t\t\t<h4><strong>Assistance Technique \u00e0 Maitrise d&rsquo;ouvrage<\/strong> &#8211; Structure et Clos couvert<\/h4>\t\t\t\t\t\t\t\t<\/div>\n\t\t\t\t<\/div>\n\t\t\t\t<div class=\"elementor-element elementor-element-1bdaa63 elementor-widget-divider--view-line elementor-widget elementor-widget-divider\" data-id=\"1bdaa63\" data-element_type=\"widget\" data-widget_type=\"divider.default\">\n\t\t\t\t<div class=\"elementor-widget-container\">\n\t\t\t\t\t\t\t<div class=\"elementor-divider\">\n\t\t\t<span class=\"elementor-divider-separator\">\n\t\t\t\t\t\t<\/span>\n\t\t<\/div>\n\t\t\t\t\t\t<\/div>\n\t\t\t\t<\/div>\n\t\t\t\t\t<\/div>\n\t\t<\/div>\n\t\t\t\t\t<\/div>\n\t\t<\/section>\n\t\t\t\t<\/div>\n\t\t","protected":false},"excerpt":{"rendered":"<p>Conseil, Assistance et Ing\u00e9nierie du B\u00e2timent CAEBA est un bureau d\u2019\u00e9tude technique construction sp\u00e9cialis\u00e9 dans les b\u00e2timents industriels, laboratoires et tertiaires. Nous vous accompagnons en expertise, en assistance \u00e0 maitrise d\u2019ouvrage ou en maitrise d\u2019\u0153uvre sur des missions tous corps d\u2019\u00e9tat pour tout type de projet b\u00e2timent. Maitrise d&rsquo;Oeuvre Assistance \u00e0 Maitrise d&rsquo;ouvrage Expertise Ordonnancement, [&hellip;]<\/p>\n","protected":false},"author":1,"featured_media":0,"parent":0,"menu_order":0,"comment_status":"closed","ping_status":"closed","template":"","meta":{"footnotes":""},"class_list":["post-7","page","type-page","status-publish","hentry"],"_links":{"self":[{"href":"https:\/\/www.caeba.fr\/index.php\/wp-json\/wp\/v2\/pages\/7","targetHints":{"allow":["GET"]}}],"collection":[{"href":"https:\/\/www.caeba.fr\/index.php\/wp-json\/wp\/v2\/pages"}],"about":[{"href":"https:\/\/www.caeba.fr\/index.php\/wp-json\/wp\/v2\/types\/page"}],"author":[{"embeddable":true,"href":"https:\/\/www.caeba.fr\/index.php\/wp-json\/wp\/v2\/users\/1"}],"replies":[{"embeddable":true,"href":"https:\/\/www.caeba.fr\/index.php\/wp-json\/wp\/v2\/comments?post=7"}],"version-history":[{"count":41,"href":"https:\/\/www.caeba.fr\/index.php\/wp-json\/wp\/v2\/pages\/7\/revisions"}],"predecessor-version":[{"id":347,"href":"https:\/\/www.caeba.fr\/index.php\/wp-json\/wp\/v2\/pages\/7\/revisions\/347"}],"wp:attachment":[{"href":"https:\/\/www.caeba.fr\/index.php\/wp-json\/wp\/v2\/media?parent=7"}],"curies":[{"name":"wp","href":"https:\/\/api.w.org\/{rel}","templated":true}]}}