{"id":305,"date":"2025-04-01T12:05:35","date_gmt":"2025-04-01T10:05:35","guid":{"rendered":"https:\/\/www.caeba.fr\/?page_id=305"},"modified":"2025-04-01T12:18:51","modified_gmt":"2025-04-01T10:18:51","slug":"recrutement-assistant-e-technique-et-administratif","status":"publish","type":"page","link":"http:\/\/www.caeba.fr\/index.php\/recrutement-assistant-e-technique-et-administratif\/","title":{"rendered":"Recrutement Assistant.e Technique et Administratif"},"content":{"rendered":"\t\t<div data-elementor-type=\"wp-page\" data-elementor-id=\"305\" class=\"elementor elementor-305\">\n\t\t\t\t\t\t<section class=\"elementor-section elementor-top-section elementor-element elementor-element-4c91441 elementor-section-boxed elementor-section-height-default elementor-section-height-default\" data-id=\"4c91441\" data-element_type=\"section\">\n\t\t\t\t\t\t<div class=\"elementor-container elementor-column-gap-default\">\n\t\t\t\t\t<div class=\"elementor-column elementor-col-100 elementor-top-column elementor-element elementor-element-83b70b3\" data-id=\"83b70b3\" data-element_type=\"column\">\n\t\t\t<div class=\"elementor-widget-wrap\">\n\t\t\t\t\t\t\t<\/div>\n\t\t<\/div>\n\t\t\t\t\t<\/div>\n\t\t<\/section>\n\t\t\t\t<section class=\"elementor-section elementor-top-section elementor-element elementor-element-d017cb2 elementor-section-boxed elementor-section-height-default elementor-section-height-default\" data-id=\"d017cb2\" data-element_type=\"section\">\n\t\t\t\t\t\t<div class=\"elementor-container elementor-column-gap-default\">\n\t\t\t\t\t<div class=\"elementor-column elementor-col-100 elementor-top-column elementor-element elementor-element-a3c0e2e\" data-id=\"a3c0e2e\" data-element_type=\"column\">\n\t\t\t<div class=\"elementor-widget-wrap elementor-element-populated\">\n\t\t\t\t\t\t<div class=\"elementor-element elementor-element-1f68d8d elementor-widget elementor-widget-text-editor\" data-id=\"1f68d8d\" data-element_type=\"widget\" data-widget_type=\"text-editor.default\">\n\t\t\t\t<div class=\"elementor-widget-container\">\n\t\t\t\t\t\t\t\t\t<h1><strong>Assistant.e technique et administratif du BTP<\/strong><\/h1><p>Passionn\u00e9.e par la <strong>coordination <\/strong>et la<strong> gestion<\/strong> des aspects <strong>techniques<\/strong> et <strong>administratifs<\/strong> des projets de construction ?\u00a0<\/p><p>Nous recrutons\u00a0 <strong>un.e Assistant.e technique et administratif de la construction.<\/strong><\/p><p>En tant qu&rsquo;<strong>Assistant.e technique et administratif<\/strong>, vous \u00eates un pilier dans la <strong>gestion des dossiers <\/strong>de construction, en lien direct avec<strong> les \u00e9quipes de chantier<\/strong>, les <strong>ma\u00eetres d&rsquo;\u0153uvre et <\/strong><strong>d&rsquo;ouvrage<\/strong>.<\/p><p>Votre <strong>organisation<\/strong> et vos <strong>comp\u00e9tences techniques<\/strong> garantissent la bonne conduite des projets dans le respect des <strong>normes<\/strong> et des <strong>d\u00e9lais<\/strong>.<\/p>\t\t\t\t\t\t\t\t<\/div>\n\t\t\t\t<\/div>\n\t\t\t\t\t<\/div>\n\t\t<\/div>\n\t\t\t\t\t<\/div>\n\t\t<\/section>\n\t\t\t\t<section class=\"elementor-section elementor-top-section elementor-element elementor-element-3723d7b elementor-section-boxed elementor-section-height-default elementor-section-height-default\" data-id=\"3723d7b\" data-element_type=\"section\">\n\t\t\t\t\t\t<div class=\"elementor-container elementor-column-gap-default\">\n\t\t\t\t\t<div class=\"elementor-column elementor-col-100 elementor-top-column elementor-element elementor-element-cac037d\" data-id=\"cac037d\" data-element_type=\"column\">\n\t\t\t<div class=\"elementor-widget-wrap elementor-element-populated\">\n\t\t\t\t\t\t<div class=\"elementor-element elementor-element-e1dec99 elementor-widget-divider--view-line elementor-widget elementor-widget-divider\" data-id=\"e1dec99\" data-element_type=\"widget\" data-widget_type=\"divider.default\">\n\t\t\t\t<div class=\"elementor-widget-container\">\n\t\t\t\t\t\t\t<div class=\"elementor-divider\">\n\t\t\t<span class=\"elementor-divider-separator\">\n\t\t\t\t\t\t<\/span>\n\t\t<\/div>\n\t\t\t\t\t\t<\/div>\n\t\t\t\t<\/div>\n\t\t\t\t\t<\/div>\n\t\t<\/div>\n\t\t\t\t\t<\/div>\n\t\t<\/section>\n\t\t\t\t<section class=\"elementor-section elementor-top-section elementor-element elementor-element-5b9fa37 elementor-section-boxed elementor-section-height-default elementor-section-height-default\" data-id=\"5b9fa37\" data-element_type=\"section\">\n\t\t\t\t\t\t<div class=\"elementor-container elementor-column-gap-default\">\n\t\t\t\t\t<div class=\"elementor-column elementor-col-100 elementor-top-column elementor-element elementor-element-b5f5513\" data-id=\"b5f5513\" data-element_type=\"column\">\n\t\t\t<div class=\"elementor-widget-wrap elementor-element-populated\">\n\t\t\t\t\t\t<div class=\"elementor-element elementor-element-f7f8f1e elementor-widget elementor-widget-text-editor\" data-id=\"f7f8f1e\" data-element_type=\"widget\" data-widget_type=\"text-editor.default\">\n\t\t\t\t<div class=\"elementor-widget-container\">\n\t\t\t\t\t\t\t\t\t<h3>Missions<\/h3>\n<ul>\n<li><strong>Analyser et \u00e9tudier<\/strong> les dossiers d&rsquo;appel d&rsquo;offre, y compris les aspects techniques et administratifs.<\/li>\n<li><strong>R\u00e9aliser des m\u00e9tr\u00e9s et des estimations<\/strong> pour \u00e9valuer les co\u00fbts des projets.<\/li>\n<li><strong>Suivre et coordonner<\/strong> l&rsquo;ex\u00e9cution des travaux, en assurant la gestion des plannings et des ressources.<\/li>\n<li><strong>Pr\u00e9parer les documents<\/strong> n\u00e9cessaires aux phases de construction, comme les devis, fiches techniques et rapports.<\/li>\n<li><strong>Garantir le respect des normes de s\u00e9curit\u00e9 et des r\u00e9glementation<\/strong>s en vigueur.<\/li>\n<\/ul>\t\t\t\t\t\t\t\t<\/div>\n\t\t\t\t<\/div>\n\t\t\t\t\t<\/div>\n\t\t<\/div>\n\t\t\t\t\t<\/div>\n\t\t<\/section>\n\t\t\t\t<section class=\"elementor-section elementor-top-section elementor-element elementor-element-6160735 elementor-section-boxed elementor-section-height-default elementor-section-height-default\" data-id=\"6160735\" data-element_type=\"section\">\n\t\t\t\t\t\t<div class=\"elementor-container elementor-column-gap-default\">\n\t\t\t\t\t<div class=\"elementor-column elementor-col-100 elementor-top-column elementor-element elementor-element-39dcbb5\" data-id=\"39dcbb5\" data-element_type=\"column\">\n\t\t\t<div class=\"elementor-widget-wrap elementor-element-populated\">\n\t\t\t\t\t\t<div class=\"elementor-element elementor-element-614b951 elementor-widget elementor-widget-text-editor\" data-id=\"614b951\" data-element_type=\"widget\" data-widget_type=\"text-editor.default\">\n\t\t\t\t<div class=\"elementor-widget-container\">\n\t\t\t\t\t\t\t\t\t<h3>Comp\u00e9tences<\/h3>\n<ul>\n<li><strong>L&rsquo;analyse<\/strong> des documents techniques (CCTP, plans).<\/li>\n<li><strong>La r\u00e9alisation<\/strong> relev\u00e9 et \u00e9tablir des m\u00e9tr\u00e9s pr\u00e9cis.<\/li>\n<li><strong>L&rsquo;organisation<\/strong> et la planification\u00a0 des t\u00e2ches et des ressources (main-d&rsquo;\u0153uvre, mat\u00e9riel).<\/li>\n<li><strong>La ma\u00eetrise<\/strong> les outils informatiques (logiciels de m\u00e9tr\u00e9s, CAO, PackOffice).<\/li>\n<\/ul>\t\t\t\t\t\t\t\t<\/div>\n\t\t\t\t<\/div>\n\t\t\t\t\t<\/div>\n\t\t<\/div>\n\t\t\t\t\t<\/div>\n\t\t<\/section>\n\t\t\t\t<section class=\"elementor-section elementor-top-section elementor-element elementor-element-5b94577 elementor-section-boxed elementor-section-height-default elementor-section-height-default\" data-id=\"5b94577\" data-element_type=\"section\">\n\t\t\t\t\t\t<div class=\"elementor-container elementor-column-gap-default\">\n\t\t\t\t\t<div class=\"elementor-column elementor-col-100 elementor-top-column elementor-element elementor-element-7742f57\" data-id=\"7742f57\" data-element_type=\"column\">\n\t\t\t<div class=\"elementor-widget-wrap elementor-element-populated\">\n\t\t\t\t\t\t<div class=\"elementor-element elementor-element-1d75278 elementor-widget elementor-widget-text-editor\" data-id=\"1d75278\" data-element_type=\"widget\" data-widget_type=\"text-editor.default\">\n\t\t\t\t<div class=\"elementor-widget-container\">\n\t\t\t\t\t\t\t\t\t<h3>Connaissances<\/h3>\n<ul>\n<li><strong>R\u00e9glementations<\/strong> et normes en vigueur dans le secteur du b\u00e2timent.<\/li>\n<li><strong>Techniques<\/strong> de gestion de chantier et de suivi administratif.<\/li>\n<li><strong>Mat\u00e9riaux<\/strong> et des <strong>proc\u00e9d\u00e9s<\/strong> de construction.<\/li>\n<\/ul>\t\t\t\t\t\t\t\t<\/div>\n\t\t\t\t<\/div>\n\t\t\t\t\t<\/div>\n\t\t<\/div>\n\t\t\t\t\t<\/div>\n\t\t<\/section>\n\t\t\t\t<section class=\"elementor-section elementor-top-section elementor-element elementor-element-e4fce0b elementor-section-boxed elementor-section-height-default elementor-section-height-default\" data-id=\"e4fce0b\" data-element_type=\"section\">\n\t\t\t\t\t\t<div class=\"elementor-container elementor-column-gap-default\">\n\t\t\t\t\t<div class=\"elementor-column elementor-col-100 elementor-top-column elementor-element elementor-element-aacf196\" data-id=\"aacf196\" data-element_type=\"column\">\n\t\t\t<div class=\"elementor-widget-wrap elementor-element-populated\">\n\t\t\t\t\t\t<div class=\"elementor-element elementor-element-18bfda4 elementor-widget-divider--view-line elementor-widget elementor-widget-divider\" data-id=\"18bfda4\" data-element_type=\"widget\" data-widget_type=\"divider.default\">\n\t\t\t\t<div class=\"elementor-widget-container\">\n\t\t\t\t\t\t\t<div class=\"elementor-divider\">\n\t\t\t<span class=\"elementor-divider-separator\">\n\t\t\t\t\t\t<\/span>\n\t\t<\/div>\n\t\t\t\t\t\t<\/div>\n\t\t\t\t<\/div>\n\t\t\t\t\t<\/div>\n\t\t<\/div>\n\t\t\t\t\t<\/div>\n\t\t<\/section>\n\t\t\t\t<section class=\"elementor-section elementor-top-section elementor-element elementor-element-ae64147 elementor-section-boxed elementor-section-height-default elementor-section-height-default\" data-id=\"ae64147\" data-element_type=\"section\">\n\t\t\t\t\t\t<div class=\"elementor-container elementor-column-gap-default\">\n\t\t\t\t\t<div class=\"elementor-column elementor-col-100 elementor-top-column elementor-element elementor-element-a9f07ec\" data-id=\"a9f07ec\" data-element_type=\"column\">\n\t\t\t<div class=\"elementor-widget-wrap elementor-element-populated\">\n\t\t\t\t\t\t<div class=\"elementor-element elementor-element-8f7be58 elementor-drop-cap-yes elementor-drop-cap-view-default elementor-widget elementor-widget-text-editor\" data-id=\"8f7be58\" data-element_type=\"widget\" data-settings=\"{&quot;drop_cap&quot;:&quot;yes&quot;}\" data-widget_type=\"text-editor.default\">\n\t\t\t\t<div class=\"elementor-widget-container\">\n\t\t\t\t\t\t\t\t\t<p>\u00a0<\/p>\n<p>Vous \u00eates bas\u00e9 dans nos<strong> bureaux sur ORSAY<\/strong>. Vous\u00a0 \u00eates amen\u00e9 \u00e0 vous d\u00e9placer sur les chantiers en Ile de France pour des v\u00e9rifications ou r\u00e9unions. <br \/>Vous collaborez avec les ma\u00eetres d&rsquo;\u0153uvre, les bureaux d&rsquo;\u00e9tudes et les entreprises de construction.<\/p>\n<p>Les horaires sont sur une base de 9h00 \u00e0 17h00 mais peuvent varier en fonction des \u00e9ch\u00e9ances des projets.<\/p>\n<p><strong>Vous \u00eates titulaire<\/strong><\/p>\n<ul>\n<li>D&rsquo;un BTS \u00c9tudes et \u00e9conomie de la construction ou en techniques de b\u00e2timent.<\/li>\n<li>Formation professionnelle en gestion de chantier.<\/li>\n<li>Ou <strong>\u00e9quivalents<\/strong><\/li>\n<\/ul>\n<p>\u00a0<\/p>\n<p><strong>R\u00e9mun\u00e9ration de base<\/strong> 1 800 \u00e0 2 200 \u20ac brut par mois suivant formation, pouvant atteindre 2 800 \u20ac brut avec de l&rsquo;exp\u00e9rience. Des primes li\u00e9es aux projets et des avantages li\u00e9s au transport\u00a0 et d\u00e9placements compl\u00e8tent la r\u00e9mun\u00e9ration.<\/p>\n<p>\u00a0<\/p>\t\t\t\t\t\t\t\t<\/div>\n\t\t\t\t<\/div>\n\t\t\t\t\t<\/div>\n\t\t<\/div>\n\t\t\t\t\t<\/div>\n\t\t<\/section>\n\t\t\t\t<section class=\"elementor-section elementor-top-section elementor-element elementor-element-f05aa63 elementor-section-boxed elementor-section-height-default elementor-section-height-default\" data-id=\"f05aa63\" data-element_type=\"section\">\n\t\t\t\t\t\t<div class=\"elementor-container elementor-column-gap-default\">\n\t\t\t\t\t<div class=\"elementor-column elementor-col-100 elementor-top-column elementor-element elementor-element-c31ac18\" data-id=\"c31ac18\" data-element_type=\"column\">\n\t\t\t<div class=\"elementor-widget-wrap elementor-element-populated\">\n\t\t\t\t\t\t<div class=\"elementor-element elementor-element-8754ad7 elementor-widget-divider--view-line elementor-widget elementor-widget-divider\" data-id=\"8754ad7\" data-element_type=\"widget\" data-widget_type=\"divider.default\">\n\t\t\t\t<div class=\"elementor-widget-container\">\n\t\t\t\t\t\t\t<div class=\"elementor-divider\">\n\t\t\t<span class=\"elementor-divider-separator\">\n\t\t\t\t\t\t<\/span>\n\t\t<\/div>\n\t\t\t\t\t\t<\/div>\n\t\t\t\t<\/div>\n\t\t\t\t\t<\/div>\n\t\t<\/div>\n\t\t\t\t\t<\/div>\n\t\t<\/section>\n\t\t\t\t<section class=\"elementor-section elementor-top-section elementor-element elementor-element-f94723a elementor-section-boxed elementor-section-height-default elementor-section-height-default\" data-id=\"f94723a\" data-element_type=\"section\">\n\t\t\t\t\t\t<div class=\"elementor-container elementor-column-gap-default\">\n\t\t\t\t\t<div class=\"elementor-column elementor-col-100 elementor-top-column elementor-element elementor-element-0bd0043\" data-id=\"0bd0043\" data-element_type=\"column\">\n\t\t\t<div class=\"elementor-widget-wrap elementor-element-populated\">\n\t\t\t\t\t\t<div class=\"elementor-element elementor-element-53f77fa elementor-widget elementor-widget-text-editor\" data-id=\"53f77fa\" data-element_type=\"widget\" data-widget_type=\"text-editor.default\">\n\t\t\t\t<div class=\"elementor-widget-container\">\n\t\t\t\t\t\t\t\t\t<h3>Vous souhaitez nous rejoindre !<\/h3><p>Envoyez nous un message \u00e0\u00a0<strong><a class=\"cursor-init\" href=\"mailto:recrutement@caeba.fr?subject=caeba candidature\" target=\"_blanck\" rel=\"noopener noreferrer\">recrutement@caeba.fr<\/a><br \/><\/strong><br \/>\u00a0<\/p>\t\t\t\t\t\t\t\t<\/div>\n\t\t\t\t<\/div>\n\t\t\t\t\t<\/div>\n\t\t<\/div>\n\t\t\t\t\t<\/div>\n\t\t<\/section>\n\t\t\t\t<\/div>\n\t\t","protected":false},"excerpt":{"rendered":"<p>Assistant.e technique et administratif du BTP Passionn\u00e9.e par la coordination et la gestion des aspects techniques et administratifs des projets de construction ?\u00a0 Nous recrutons\u00a0 un.e Assistant.e technique et administratif de la construction. En tant qu&rsquo;Assistant.e technique et administratif, vous \u00eates un pilier dans la gestion des dossiers de construction, en lien direct avec les [&hellip;]<\/p>\n","protected":false},"author":1,"featured_media":0,"parent":0,"menu_order":0,"comment_status":"closed","ping_status":"closed","template":"","meta":{"footnotes":""},"class_list":["post-305","page","type-page","status-publish","hentry"],"_links":{"self":[{"href":"http:\/\/www.caeba.fr\/index.php\/wp-json\/wp\/v2\/pages\/305","targetHints":{"allow":["GET"]}}],"collection":[{"href":"http:\/\/www.caeba.fr\/index.php\/wp-json\/wp\/v2\/pages"}],"about":[{"href":"http:\/\/www.caeba.fr\/index.php\/wp-json\/wp\/v2\/types\/page"}],"author":[{"embeddable":true,"href":"http:\/\/www.caeba.fr\/index.php\/wp-json\/wp\/v2\/users\/1"}],"replies":[{"embeddable":true,"href":"http:\/\/www.caeba.fr\/index.php\/wp-json\/wp\/v2\/comments?post=305"}],"version-history":[{"count":12,"href":"http:\/\/www.caeba.fr\/index.php\/wp-json\/wp\/v2\/pages\/305\/revisions"}],"predecessor-version":[{"id":324,"href":"http:\/\/www.caeba.fr\/index.php\/wp-json\/wp\/v2\/pages\/305\/revisions\/324"}],"wp:attachment":[{"href":"http:\/\/www.caeba.fr\/index.php\/wp-json\/wp\/v2\/media?parent=305"}],"curies":[{"name":"wp","href":"https:\/\/api.w.org\/{rel}","templated":true}]}}