{"id":111,"date":"2024-08-23T10:14:19","date_gmt":"2024-08-23T08:14:19","guid":{"rendered":"http:\/\/www.caeba.fr\/?page_id=111"},"modified":"2024-08-23T10:14:19","modified_gmt":"2024-08-23T08:14:19","slug":"mention-legales","status":"publish","type":"page","link":"http:\/\/www.caeba.fr\/index.php\/mention-legales\/","title":{"rendered":"Mention L\u00e9gales"},"content":{"rendered":"\n<h2 class=\"wp-block-heading\">Mentions L\u00e9gales<\/h2>\n\n\n\n<p>Informations l\u00e9gales:<\/p>\n\n\n\n<p>Le pr\u00e9sent site est \u00e9dit\u00e9 par CAEBA, SAS au capital de 10 000 \u20ac dont le si\u00e8ge social est situ\u00e9: au 21 rue Jean Rostand 91400 Orsay Cedex<br>Immatricul\u00e9e au Registre du Commerce et des Soci\u00e9t\u00e9s de&nbsp;&nbsp;EVRY sous le num\u00e9ro&nbsp;827 462 706 00025<br>Num\u00e9ro TVA intracommunautaire : FR20 827 462 706<br>Adresse de courrier \u00e9lectronique : contact@caeba.f<\/p>\n\n\n\n<p>Cr\u00e9dits photos:<br>&nbsp;SC Synchrotron SOLEIL, Yves Chemineau Architectes, Marc Nicolas Architectures<\/p>\n\n\n\n<p>Responsable de la publication: Philippe Eymard<br>H\u00e9bergement: OVH, 2 rue Kellermann 59100 Roubaix<\/p>\n\n\n\n<p>Copyright \u00a9 2021 CAEBA<\/p>\n\n\n\n<p><em>Politique relative aux donn\u00e9es \u00e0 caract\u00e8re personnel des tiers<br>Le R\u00e8glement (EU) 2016\/679 du Parlement Europ\u00e9en et du Conseil du 27 avril 2016 relatif \u00e0 la protection des personnes physiques \u00e0 l\u2019\u00e9gard du traitement de donn\u00e9es \u00e0 caract\u00e8re personnel et \u00e0 la libre circulation de ces donn\u00e9es, autrement appel\u00e9 le R\u00e8glement g\u00e9n\u00e9ral sur la protection des donn\u00e9es (ci-apr\u00e8s RGPD) fixe le cadre juridique applicable aux traitements de donn\u00e9es \u00e0 caract\u00e8re personnel. Le RGPD renforce les droits et les obligations des responsables de traitements, des sous-traitants, des personnes concern\u00e9es et des destinataires des donn\u00e9es. Dans le cadre de son activit\u00e9, le caeba est amen\u00e9 \u00e0 traiter des donn\u00e9es \u00e0 caract\u00e8re personnel.<\/em><\/p>\n\n\n\n<p><em><u>Propri\u00e9t\u00e9 intellectuelle<\/u><br>La structure g\u00e9n\u00e9rale et le contenu composant le site \u00ab www.caeba.fr \u00bb sont la propri\u00e9t\u00e9 exclusive de caeba. Toute repr\u00e9sentation totale ou partielle, modification, r\u00e9utilisation, retransmission des textes, images, vid\u00e9os et documents techniques du pr\u00e9sent site, par quelque personne que ce soit, sans l\u2019autorisation expresse de caeba est interdite et constituerait une contrefa\u00e7on sanctionn\u00e9e par les articles L. 335-2 et suivants du Code de la propri\u00e9t\u00e9 intellectuelle.<\/em><\/p>\n","protected":false},"excerpt":{"rendered":"<p>Mentions L\u00e9gales Informations l\u00e9gales: Le pr\u00e9sent site est \u00e9dit\u00e9 par CAEBA, SAS au capital de 10 000 \u20ac dont le si\u00e8ge social est situ\u00e9: au 21 rue Jean Rostand 91400 Orsay CedexImmatricul\u00e9e au Registre du Commerce et des Soci\u00e9t\u00e9s de&nbsp;&nbsp;EVRY sous le num\u00e9ro&nbsp;827 462 706 00025Num\u00e9ro TVA intracommunautaire : FR20 827 462 706Adresse de courrier [&hellip;]<\/p>\n","protected":false},"author":1,"featured_media":0,"parent":0,"menu_order":0,"comment_status":"closed","ping_status":"closed","template":"","meta":{"footnotes":""},"class_list":["post-111","page","type-page","status-publish","hentry"],"_links":{"self":[{"href":"http:\/\/www.caeba.fr\/index.php\/wp-json\/wp\/v2\/pages\/111","targetHints":{"allow":["GET"]}}],"collection":[{"href":"http:\/\/www.caeba.fr\/index.php\/wp-json\/wp\/v2\/pages"}],"about":[{"href":"http:\/\/www.caeba.fr\/index.php\/wp-json\/wp\/v2\/types\/page"}],"author":[{"embeddable":true,"href":"http:\/\/www.caeba.fr\/index.php\/wp-json\/wp\/v2\/users\/1"}],"replies":[{"embeddable":true,"href":"http:\/\/www.caeba.fr\/index.php\/wp-json\/wp\/v2\/comments?post=111"}],"version-history":[{"count":1,"href":"http:\/\/www.caeba.fr\/index.php\/wp-json\/wp\/v2\/pages\/111\/revisions"}],"predecessor-version":[{"id":112,"href":"http:\/\/www.caeba.fr\/index.php\/wp-json\/wp\/v2\/pages\/111\/revisions\/112"}],"wp:attachment":[{"href":"http:\/\/www.caeba.fr\/index.php\/wp-json\/wp\/v2\/media?parent=111"}],"curies":[{"name":"wp","href":"https:\/\/api.w.org\/{rel}","templated":true}]}}